{"id":6793,"date":"2022-04-25T07:48:23","date_gmt":"2022-04-25T07:48:23","guid":{"rendered":"https:\/\/duvinauxliens.com\/domain-les-fosses-rouges\/"},"modified":"2022-04-28T12:58:43","modified_gmt":"2022-04-28T12:58:43","slug":"domain-les-fosses-rouges","status":"publish","type":"page","link":"https:\/\/duvinauxliens.com\/en\/domain-les-fosses-rouges\/","title":{"rendered":"Domain Les Fosses Rouges"},"content":{"rendered":"<p>[vc_row][vc_column][vc_empty_space height=&#8221;70px&#8221;][vc_single_image image=&#8221;5755&#8243; img_size=&#8221;1000&#215;500&#8243; alignment=&#8221;center&#8221;][vc_empty_space height=&#8221;50px&#8221;][\/vc_column][\/vc_row][vc_row row_content_width=&#8221;grid&#8221;][vc_column]<div class=\"qodef-shortcode qodef-m  qodef-section-title qodef-alignment--center \">\n\t\t<h3 class=\"qodef-m-title\" >\n\t\tDomain Les Fosses Rouges\t\t<\/h3>\n\t\t<p class=\"qodef-m-subtitle\" >Benoit Savigny<\/p>\n\t\t<div class=\"qodef-m-text\" >Tr\u00f4o, Loir-et-Cher, 5 hectares<\/div>\n<\/div>[vc_empty_space height=&#8221;30px&#8221;][\/vc_column][\/vc_row][vc_row content_text_alignment=&#8221;center&#8221;][vc_column][vc_column_text]<\/p>\n<p style=\"text-align: left;\">It is on the road to Soug\u00e9, in the village of Tr\u00f4o, that Beno\u00eet Savigny has chosen to build his winery on the former brickworks &#8220;Les Fosses Rouges&#8221;. As a tribute, he will keep this name for his estate. Little predestined him for the profession: originally from the Loire region, from a tiny &#8220;lost&#8221; village, he went to Paris to study architecture, then set up as a freelance graphic designer in this field. Gradually, the &#8220;isolated&#8221; aspect of his status nourished the desire to &#8220;see people again&#8221;. It is then the memory of youth, of family pilgrimages to the cellars of Burgundy and the distant desire to integrate this universe where landscape, history and gastronomy are articulated, which pushes Beno\u00eet to a reconversion in the wine trade.<\/p>\n<p>[\/vc_column_text][vc_empty_space height=&#8221;50px&#8221;][\/vc_column][\/vc_row][vc_row gap=&#8221;25&#8243; equal_height=&#8221;yes&#8221;][vc_column width=&#8221;1\/2&#8243;][vc_single_image image=&#8221;5756&#8243; img_size=&#8221;large&#8221; alignment=&#8221;center&#8221;][\/vc_column][vc_column width=&#8221;1\/2&#8243;][vc_column_text]A succession of encounters, including Philippe Chigard (Domaine de la Table Rouge) at the Amboise viticultural college, and a first internship in wine-making gradually led to the evolution of his project from &#8220;selling&#8221; to &#8220;making&#8221;. After a year&#8217;s experience as an employee, he planned to set up on 3.5 hectares of land and replant vines in this former wine-producing village where cereals now dominate. It was finally with a 1.5 ha plot of Pinot d&#8217;Aunis on lease that Beno\u00eet started his activity in 2013. A compromise that finally allowed him to get the hang of it while he saw the vines planted in the wake, on a major part of the 5 ha that he cultivates today. Although Beno\u00eet started out in the conventional sector for economic reasons, he switched to organic production in 2015, realising the danger he was facing.[\/vc_column_text][\/vc_column][\/vc_row][vc_row equal_height=&#8221;yes&#8221; css=&#8221;.vc_custom_1630327815940{padding-top: 30px !important;}&#8221;][vc_column width=&#8221;1\/2&#8243;][vc_column_text]In his agricultural thinking, he seeks to eliminate as many inputs and interventions as possible, in particular through the establishment of a vegetation cover to replace the current tillage. Beno\u00eet does not have an ideal model. He listens carefully to other winegrowers who are friends and observers of what is being done elsewhere, but he is keen to make his own way. A true jack-of-all-trades, he appreciates the multi-tasking aspect of the profession and the constant experimentation that the vine and wine offer. The &#8220;human&#8221; aspect, all these meetings and exchanges that wine calls for, reinforces his choice. As the only winegrower in the village, Benoit can count on the support of his friends and family, who do not hesitate to help out, and on the support of his winegrower friends.<\/p>\n<p>Today, he is proud of his vintages, of his lively red Pineau d&#8217;Aunis and is delighted to vinify the Chenins and Pinot Noirs that he planted himself.<\/p>\n<p>&nbsp;<\/p>\n<p style=\"text-align: right;\">Laurie Wendenbaum<\/p>\n<p>[\/vc_column_text][\/vc_column][vc_column width=&#8221;1\/2&#8243;][vc_single_image image=&#8221;6109&#8243; img_size=&#8221;large&#8221; alignment=&#8221;center&#8221;][\/vc_column][\/vc_row]<\/p>\n","protected":false},"excerpt":{"rendered":"<p>[vc_row][vc_column][vc_empty_space height=&#8221;70px&#8221;][vc_single_image image=&#8221;5755&#8243; img_size=&#8221;1000&#215;500&#8243; alignment=&#8221;center&#8221;][vc_empty_space height=&#8221;50px&#8221;][\/vc_column][\/vc_row][vc_row row_content_width=&#8221;grid&#8221;][vc_column][vc_empty_space height=&#8221;30px&#8221;][\/vc_column][\/vc_row][vc_row content_text_alignment=&#8221;center&#8221;][vc_column][vc_column_text] It is on the road to Soug\u00e9, in the village of Tr\u00f4o, that Beno\u00eet Savigny has chosen to build his winery [&hellip;]<\/p>\n","protected":false},"author":10,"featured_media":0,"parent":0,"menu_order":0,"comment_status":"closed","ping_status":"closed","template":"page-full-width.php","meta":[],"acf":[],"yoast_head":"<!-- This site is optimized with the Yoast SEO plugin v19.11 - https:\/\/yoast.com\/wordpress\/plugins\/seo\/ -->\n<title>Domain Les Fosses Rouges - Du Vin aux Liens<\/title>\n<meta name=\"description\" content=\"Wine to the Links wine domain Alsace. Our exceptional partners : Domain des Fosses Rouges, the best wines of Alsace.\" \/>\n<meta name=\"robots\" content=\"index, follow, max-snippet:-1, max-image-preview:large, max-video-preview:-1\" \/>\n<link rel=\"canonical\" href=\"https:\/\/duvinauxliens.com\/en\/domain-les-fosses-rouges\/\" \/>\n<meta property=\"og:locale\" content=\"en_US\" \/>\n<meta property=\"og:type\" content=\"article\" \/>\n<meta property=\"og:title\" content=\"Domain Les Fosses Rouges - Du Vin aux Liens\" \/>\n<meta property=\"og:description\" content=\"Wine to the Links wine domain Alsace. Our exceptional partners : Domain des Fosses Rouges, the best wines of Alsace.\" \/>\n<meta property=\"og:url\" content=\"https:\/\/duvinauxliens.com\/en\/domain-les-fosses-rouges\/\" \/>\n<meta property=\"og:site_name\" content=\"Du Vin aux Liens\" \/>\n<meta property=\"article:modified_time\" content=\"2022-04-28T12:58:43+00:00\" \/>\n<meta name=\"twitter:card\" content=\"summary_large_image\" \/>\n<meta name=\"twitter:label1\" content=\"Est. reading time\" \/>\n\t<meta name=\"twitter:data1\" content=\"3 minutes\" \/>\n<script type=\"application\/ld+json\" class=\"yoast-schema-graph\">{\"@context\":\"https:\/\/schema.org\",\"@graph\":[{\"@type\":\"WebPage\",\"@id\":\"https:\/\/duvinauxliens.com\/en\/domain-les-fosses-rouges\/\",\"url\":\"https:\/\/duvinauxliens.com\/en\/domain-les-fosses-rouges\/\",\"name\":\"Domain Les Fosses Rouges - Du Vin aux Liens\",\"isPartOf\":{\"@id\":\"https:\/\/duvinauxliens.com\/#website\"},\"datePublished\":\"2022-04-25T07:48:23+00:00\",\"dateModified\":\"2022-04-28T12:58:43+00:00\",\"description\":\"Wine to the Links wine domain Alsace. Our exceptional partners : Domain des Fosses Rouges, the best wines of Alsace.\",\"breadcrumb\":{\"@id\":\"https:\/\/duvinauxliens.com\/en\/domain-les-fosses-rouges\/#breadcrumb\"},\"inLanguage\":\"en-US\",\"potentialAction\":[{\"@type\":\"ReadAction\",\"target\":[\"https:\/\/duvinauxliens.com\/en\/domain-les-fosses-rouges\/\"]}]},{\"@type\":\"BreadcrumbList\",\"@id\":\"https:\/\/duvinauxliens.com\/en\/domain-les-fosses-rouges\/#breadcrumb\",\"itemListElement\":[{\"@type\":\"ListItem\",\"position\":1,\"name\":\"Accueil\",\"item\":\"https:\/\/duvinauxliens.com\/en\/\"},{\"@type\":\"ListItem\",\"position\":2,\"name\":\"Domain Les Fosses Rouges\"}]},{\"@type\":\"WebSite\",\"@id\":\"https:\/\/duvinauxliens.com\/#website\",\"url\":\"https:\/\/duvinauxliens.com\/\",\"name\":\"Du Vin aux Liens\",\"description\":\"Les vins nature\",\"publisher\":{\"@id\":\"https:\/\/duvinauxliens.com\/#organization\"},\"potentialAction\":[{\"@type\":\"SearchAction\",\"target\":{\"@type\":\"EntryPoint\",\"urlTemplate\":\"https:\/\/duvinauxliens.com\/?s={search_term_string}\"},\"query-input\":\"required name=search_term_string\"}],\"inLanguage\":\"en-US\"},{\"@type\":\"Organization\",\"@id\":\"https:\/\/duvinauxliens.com\/#organization\",\"name\":\"Du Vin aux Liens\",\"url\":\"https:\/\/duvinauxliens.com\/\",\"logo\":{\"@type\":\"ImageObject\",\"inLanguage\":\"en-US\",\"@id\":\"https:\/\/duvinauxliens.com\/#\/schema\/logo\/image\/\",\"url\":\"https:\/\/duvinauxliens.com\/wp-content\/uploads\/2021\/07\/logo.png\",\"contentUrl\":\"https:\/\/duvinauxliens.com\/wp-content\/uploads\/2021\/07\/logo.png\",\"width\":544,\"height\":557,\"caption\":\"Du Vin aux Liens\"},\"image\":{\"@id\":\"https:\/\/duvinauxliens.com\/#\/schema\/logo\/image\/\"}}]}<\/script>\n<!-- \/ Yoast SEO plugin. -->","yoast_head_json":{"title":"Domain Les Fosses Rouges - Du Vin aux Liens","description":"Wine to the Links wine domain Alsace. Our exceptional partners : Domain des Fosses Rouges, the best wines of Alsace.","robots":{"index":"index","follow":"follow","max-snippet":"max-snippet:-1","max-image-preview":"max-image-preview:large","max-video-preview":"max-video-preview:-1"},"canonical":"https:\/\/duvinauxliens.com\/en\/domain-les-fosses-rouges\/","og_locale":"en_US","og_type":"article","og_title":"Domain Les Fosses Rouges - Du Vin aux Liens","og_description":"Wine to the Links wine domain Alsace. Our exceptional partners : Domain des Fosses Rouges, the best wines of Alsace.","og_url":"https:\/\/duvinauxliens.com\/en\/domain-les-fosses-rouges\/","og_site_name":"Du Vin aux Liens","article_modified_time":"2022-04-28T12:58:43+00:00","twitter_card":"summary_large_image","twitter_misc":{"Est. reading time":"3 minutes"},"schema":{"@context":"https:\/\/schema.org","@graph":[{"@type":"WebPage","@id":"https:\/\/duvinauxliens.com\/en\/domain-les-fosses-rouges\/","url":"https:\/\/duvinauxliens.com\/en\/domain-les-fosses-rouges\/","name":"Domain Les Fosses Rouges - Du Vin aux Liens","isPartOf":{"@id":"https:\/\/duvinauxliens.com\/#website"},"datePublished":"2022-04-25T07:48:23+00:00","dateModified":"2022-04-28T12:58:43+00:00","description":"Wine to the Links wine domain Alsace. Our exceptional partners : Domain des Fosses Rouges, the best wines of Alsace.","breadcrumb":{"@id":"https:\/\/duvinauxliens.com\/en\/domain-les-fosses-rouges\/#breadcrumb"},"inLanguage":"en-US","potentialAction":[{"@type":"ReadAction","target":["https:\/\/duvinauxliens.com\/en\/domain-les-fosses-rouges\/"]}]},{"@type":"BreadcrumbList","@id":"https:\/\/duvinauxliens.com\/en\/domain-les-fosses-rouges\/#breadcrumb","itemListElement":[{"@type":"ListItem","position":1,"name":"Accueil","item":"https:\/\/duvinauxliens.com\/en\/"},{"@type":"ListItem","position":2,"name":"Domain Les Fosses Rouges"}]},{"@type":"WebSite","@id":"https:\/\/duvinauxliens.com\/#website","url":"https:\/\/duvinauxliens.com\/","name":"Du Vin aux Liens","description":"Les vins nature","publisher":{"@id":"https:\/\/duvinauxliens.com\/#organization"},"potentialAction":[{"@type":"SearchAction","target":{"@type":"EntryPoint","urlTemplate":"https:\/\/duvinauxliens.com\/?s={search_term_string}"},"query-input":"required name=search_term_string"}],"inLanguage":"en-US"},{"@type":"Organization","@id":"https:\/\/duvinauxliens.com\/#organization","name":"Du Vin aux Liens","url":"https:\/\/duvinauxliens.com\/","logo":{"@type":"ImageObject","inLanguage":"en-US","@id":"https:\/\/duvinauxliens.com\/#\/schema\/logo\/image\/","url":"https:\/\/duvinauxliens.com\/wp-content\/uploads\/2021\/07\/logo.png","contentUrl":"https:\/\/duvinauxliens.com\/wp-content\/uploads\/2021\/07\/logo.png","width":544,"height":557,"caption":"Du Vin aux Liens"},"image":{"@id":"https:\/\/duvinauxliens.com\/#\/schema\/logo\/image\/"}}]}},"_links":{"self":[{"href":"https:\/\/duvinauxliens.com\/en\/wp-json\/wp\/v2\/pages\/6793"}],"collection":[{"href":"https:\/\/duvinauxliens.com\/en\/wp-json\/wp\/v2\/pages"}],"about":[{"href":"https:\/\/duvinauxliens.com\/en\/wp-json\/wp\/v2\/types\/page"}],"author":[{"embeddable":true,"href":"https:\/\/duvinauxliens.com\/en\/wp-json\/wp\/v2\/users\/10"}],"replies":[{"embeddable":true,"href":"https:\/\/duvinauxliens.com\/en\/wp-json\/wp\/v2\/comments?post=6793"}],"version-history":[{"count":4,"href":"https:\/\/duvinauxliens.com\/en\/wp-json\/wp\/v2\/pages\/6793\/revisions"}],"predecessor-version":[{"id":6954,"href":"https:\/\/duvinauxliens.com\/en\/wp-json\/wp\/v2\/pages\/6793\/revisions\/6954"}],"wp:attachment":[{"href":"https:\/\/duvinauxliens.com\/en\/wp-json\/wp\/v2\/media?parent=6793"}],"curies":[{"name":"wp","href":"https:\/\/api.w.org\/{rel}","templated":true}]}}